{"id":371,"date":"2021-01-05T18:39:16","date_gmt":"2021-01-05T18:39:16","guid":{"rendered":"https:\/\/demospiel.bcd.ch\/franzspiel\/"},"modified":"2021-01-10T15:45:38","modified_gmt":"2021-01-10T15:45:38","slug":"franzspiel","status":"publish","type":"page","link":"https:\/\/demospiel.bcd.ch\/fr\/franzspiel\/","title":{"rendered":"Franzspiel"},"content":{"rendered":"<p>[et_pb_section fb_built=\u00a0\u00bb1&Prime; _builder_version=\u00a0\u00bb4.7.7&Prime; _module_preset=\u00a0\u00bbdefault\u00a0\u00bb][et_pb_row _builder_version=\u00a0\u00bb4.7.7&Prime; _module_preset=\u00a0\u00bbdefault\u00a0\u00bb][et_pb_column type=\u00a0\u00bb4_4&Prime; _builder_version=\u00a0\u00bb4.7.7&Prime; _module_preset=\u00a0\u00bbdefault\u00a0\u00bb][et_pb_text _builder_version=\u00a0\u00bb4.7.7&Prime; _module_preset=\u00a0\u00bbdefault\u00a0\u00bb]<\/p>\n<h1>Franz \u2013 Spiel<\/h1>\n<p>[\/et_pb_text][\/et_pb_column][\/et_pb_row][\/et_pb_section][et_pb_section fb_built=\u00a0\u00bb1&Prime; fullwidth=\u00a0\u00bbon\u00a0\u00bb _builder_version=\u00a0\u00bb4.7.7&Prime; _module_preset=\u00a0\u00bbdefault\u00a0\u00bb]<\/p>\n<p>[et_pb_nextend_smart_slider_3_fullwidth _builder_version=\u00a0\u00bb4.7.7&Prime; _module_preset=\u00a0\u00bbdefault\u00a0\u00bb slider=\u00a0\u00bb34&Prime; hover_enabled=\u00a0\u00bb0&Prime; sticky_enabled=\u00a0\u00bb0&Prime;][\/et_pb_nextend_smart_slider_3_fullwidth]<\/p>\n<p>[\/et_pb_section][et_pb_section fb_built=\u00a0\u00bb1&Prime; _builder_version=\u00a0\u00bb4.7.7&Prime; _module_preset=\u00a0\u00bbdefault\u00a0\u00bb][et_pb_row _builder_version=\u00a0\u00bb4.7.7&Prime; _module_preset=\u00a0\u00bbdefault\u00a0\u00bb][et_pb_column _builder_version=\u00a0\u00bb4.7.7&Prime; _module_preset=\u00a0\u00bbdefault\u00a0\u00bb type=\u00a0\u00bb4_4&Prime;][et_pb_text _builder_version=\u00a0\u00bb4.7.7&Prime; _module_preset=\u00a0\u00bbdefault\u00a0\u00bb hover_enabled=\u00a0\u00bb0&Prime; sticky_enabled=\u00a0\u00bb0&Prime;]<\/p>\n<h1>Hauptfranz<\/h1>\n<p>[\/et_pb_text][\/et_pb_column][\/et_pb_row][et_pb_row _builder_version=\u00a0\u00bb4.7.7&Prime; _module_preset=\u00a0\u00bbdefault\u00a0\u00bb][et_pb_column _builder_version=\u00a0\u00bb4.7.7&Prime; _module_preset=\u00a0\u00bbdefault\u00a0\u00bb type=\u00a0\u00bb4_4&Prime;][et_pb_text _builder_version=\u00a0\u00bb4.7.7&Prime; _module_preset=\u00a0\u00bbdefault\u00a0\u00bb hover_enabled=\u00a0\u00bb0&Prime; sticky_enabled=\u00a0\u00bb0&Prime;]<\/p>\n<h3>Unterfranz<\/h3>\n<p>[\/et_pb_text][\/et_pb_column][\/et_pb_row][et_pb_row _builder_version=\u00a0\u00bb4.7.7&Prime; _module_preset=\u00a0\u00bbdefault\u00a0\u00bb][et_pb_column _builder_version=\u00a0\u00bb4.7.7&Prime; _module_preset=\u00a0\u00bbdefault\u00a0\u00bb type=\u00a0\u00bb4_4&Prime;][et_pb_text _builder_version=\u00a0\u00bb4.7.7&Prime; _module_preset=\u00a0\u00bbdefault\u00a0\u00bb hover_enabled=\u00a0\u00bb0&Prime; sticky_enabled=\u00a0\u00bb0&Prime;]<\/p>\n<p>Your content goes here. Edit or remove this text inline or in the module Content settings. You can also style every aspect of this content in the module Design settings and even apply custom CSS to this text in the module Advanced settings.\u00a0Your content goes here. Edit or remove this text inline or in the module Content settings. You can also style every aspect of this content in the module Design settings and even apply custom CSS to this text in the module Advanced settings.<\/p>\n<p>[\/et_pb_text][\/et_pb_column][\/et_pb_row][\/et_pb_section][et_pb_section fb_built=\u00a0\u00bb1&Prime; _builder_version=\u00a0\u00bb4.7.7&Prime; _module_preset=\u00a0\u00bbdefault\u00a0\u00bb][et_pb_row _builder_version=\u00a0\u00bb4.7.7&Prime; _module_preset=\u00a0\u00bbdefault\u00a0\u00bb][et_pb_column _builder_version=\u00a0\u00bb4.7.7&Prime; _module_preset=\u00a0\u00bbdefault\u00a0\u00bb type=\u00a0\u00bb4_4&Prime;][et_pb_image src=\u00a0\u00bbhttps:\/\/demospiel.bcd.ch\/wp-content\/uploads\/2020\/08\/Big_Slider_3.jpg\u00a0\u00bb _builder_version=\u00a0\u00bb4.7.7&Prime; _module_preset=\u00a0\u00bbdefault\u00a0\u00bb title_text=\u00a0\u00bbBig_Slider_3&Prime; hover_enabled=\u00a0\u00bb0&Prime; sticky_enabled=\u00a0\u00bb0&Prime;][\/et_pb_image][\/et_pb_column][\/et_pb_row][\/et_pb_section][et_pb_section fb_built=\u00a0\u00bb1&Prime; _builder_version=\u00a0\u00bb4.7.7&Prime; _module_preset=\u00a0\u00bbdefault\u00a0\u00bb][et_pb_row _builder_version=\u00a0\u00bb4.7.7&Prime; _module_preset=\u00a0\u00bbdefault\u00a0\u00bb][et_pb_column _builder_version=\u00a0\u00bb4.7.7&Prime; _module_preset=\u00a0\u00bbdefault\u00a0\u00bb type=\u00a0\u00bb4_4&Prime;]<\/p>\n<p>[et_pb_nextend_smart_slider_3 _builder_version=\u00a0\u00bb4.7.7&Prime; _module_preset=\u00a0\u00bbdefault\u00a0\u00bb slider=\u00a0\u00bb31&Prime; hover_enabled=\u00a0\u00bb0&Prime; sticky_enabled=\u00a0\u00bb0&Prime;][\/et_pb_nextend_smart_slider_3]<\/p>\n<p>[\/et_pb_column][\/et_pb_row][\/et_pb_section][et_pb_section fb_built=\u00a0\u00bb1&Prime; _builder_version=\u00a0\u00bb4.7.7&Prime; _module_preset=\u00a0\u00bbdefault\u00a0\u00bb][et_pb_row _builder_version=\u00a0\u00bb4.7.7&Prime; _module_preset=\u00a0\u00bbdefault\u00a0\u00bb column_structure=\u00a0\u00bb1_3,1_3,1_3&Prime;][et_pb_column _builder_version=\u00a0\u00bb4.7.7&Prime; _module_preset=\u00a0\u00bbdefault\u00a0\u00bb type=\u00a0\u00bb1_3&Prime;][et_pb_text _builder_version=\u00a0\u00bb4.7.7&Prime; _module_preset=\u00a0\u00bbdefault\u00a0\u00bb hover_enabled=\u00a0\u00bb0&Prime; sticky_enabled=\u00a0\u00bb0&Prime;]<\/p>\n<p>Das ist ein franz\u00f6sischer Mustertext. Das ist ein franz\u00f6sischer Mustertext. Das ist ein franz\u00f6sischer Mustertext. Das ist ein franz\u00f6sischer Mustertext. Das ist ein franz\u00f6sischer Mustertext. Das ist ein franz\u00f6sischer Mustertext. Das ist ein franz\u00f6sischer Mustertext. Das ist ein franz\u00f6sischer Mustertext.\u00a0<\/p>\n<p>[\/et_pb_text][\/et_pb_column][et_pb_column _builder_version=\u00a0\u00bb4.7.7&Prime; _module_preset=\u00a0\u00bbdefault\u00a0\u00bb type=\u00a0\u00bb1_3&Prime;][et_pb_text _builder_version=\u00a0\u00bb4.7.7&Prime; _module_preset=\u00a0\u00bbdefault\u00a0\u00bb hover_enabled=\u00a0\u00bb0&Prime; sticky_enabled=\u00a0\u00bb0&Prime;]<\/p>\n<p>Das ist ein franz\u00f6sischer Mustertext. Das ist ein franz\u00f6sischer Mustertext. Das ist ein franz\u00f6sischer Mustertext. Das ist ein franz\u00f6sischer Mustertext. Das ist ein franz\u00f6sischer Mustertext. Das ist ein franz\u00f6sischer Mustertext. Das ist ein franz\u00f6sischer Mustertext. Das ist ein franz\u00f6sischer Mustertext.\u00a0<\/p>\n<p>[\/et_pb_text][\/et_pb_column][et_pb_column _builder_version=\u00a0\u00bb4.7.7&Prime; _module_preset=\u00a0\u00bbdefault\u00a0\u00bb type=\u00a0\u00bb1_3&Prime;][et_pb_text _builder_version=\u00a0\u00bb4.7.7&Prime; _module_preset=\u00a0\u00bbdefault\u00a0\u00bb hover_enabled=\u00a0\u00bb0&Prime; sticky_enabled=\u00a0\u00bb0&Prime;]<\/p>\n<p>Das ist ein franz\u00f6sischer Mustertext. Das ist ein franz\u00f6sischer Mustertext. Das ist ein franz\u00f6sischer Mustertext. Das ist ein franz\u00f6sischer Mustertext. Das ist ein franz\u00f6sischer Mustertext. Das ist ein franz\u00f6sischer Mustertext. Das ist ein franz\u00f6sischer Mustertext. Das ist ein franz\u00f6sischer Mustertext.\u00a0<\/p>\n<p>[\/et_pb_text][\/et_pb_column][\/et_pb_row][\/et_pb_section]<\/p>\n","protected":false},"excerpt":{"rendered":"<p>Franz \u2013 SpielHauptfranz Unterfranz Your content goes here. Edit or remove this text inline or in the module Content settings. You can also style every aspect of this content in the module Design settings and even apply custom CSS to this text in the module Advanced settings.\u00a0Your content goes here. Edit or remove this text inline or in the module Content settings. You can also style every aspect of this content in the module Design settings and even apply custom CSS to this text in the module Advanced settings. Das ist ein franz\u00f6sischer Mustertext. Das ist ein franz\u00f6sischer Mustertext. Das ist ein franz\u00f6sischer Mustertext. Das ist ein franz\u00f6sischer Mustertext. Das ist ein franz\u00f6sischer Mustertext. Das ist ein franz\u00f6sischer Mustertext. Das ist ein franz\u00f6sischer Mustertext. Das ist ein franz\u00f6sischer Mustertext.\u00a0Das ist ein franz\u00f6sischer Mustertext. Das ist ein franz\u00f6sischer Mustertext. Das ist ein franz\u00f6sischer Mustertext. Das ist ein franz\u00f6sischer Mustertext. Das ist ein franz\u00f6sischer Mustertext. Das ist ein franz\u00f6sischer Mustertext. Das ist ein franz\u00f6sischer Mustertext. Das ist ein franz\u00f6sischer Mustertext.\u00a0Das ist ein franz\u00f6sischer Mustertext. Das ist ein franz\u00f6sischer Mustertext. Das ist ein franz\u00f6sischer Mustertext. Das ist ein franz\u00f6sischer Mustertext. Das ist ein franz\u00f6sischer Mustertext. Das ist ein franz\u00f6sischer Mustertext. Das ist ein [&hellip;]<\/p>\n","protected":false},"author":1,"featured_media":0,"parent":0,"menu_order":0,"comment_status":"closed","ping_status":"closed","template":"","meta":{"_et_pb_use_builder":"on","_et_pb_old_content":"","_et_gb_content_width":"","footnotes":""},"_links":{"self":[{"href":"https:\/\/demospiel.bcd.ch\/fr\/wp-json\/wp\/v2\/pages\/371"}],"collection":[{"href":"https:\/\/demospiel.bcd.ch\/fr\/wp-json\/wp\/v2\/pages"}],"about":[{"href":"https:\/\/demospiel.bcd.ch\/fr\/wp-json\/wp\/v2\/types\/page"}],"author":[{"embeddable":true,"href":"https:\/\/demospiel.bcd.ch\/fr\/wp-json\/wp\/v2\/users\/1"}],"replies":[{"embeddable":true,"href":"https:\/\/demospiel.bcd.ch\/fr\/wp-json\/wp\/v2\/comments?post=371"}],"version-history":[{"count":20,"href":"https:\/\/demospiel.bcd.ch\/fr\/wp-json\/wp\/v2\/pages\/371\/revisions"}],"predecessor-version":[{"id":434,"href":"https:\/\/demospiel.bcd.ch\/fr\/wp-json\/wp\/v2\/pages\/371\/revisions\/434"}],"wp:attachment":[{"href":"https:\/\/demospiel.bcd.ch\/fr\/wp-json\/wp\/v2\/media?parent=371"}],"curies":[{"name":"wp","href":"https:\/\/api.w.org\/{rel}","templated":true}]}}